{"id":45,"date":"2022-10-04T20:07:43","date_gmt":"2022-10-04T20:07:43","guid":{"rendered":"https:\/\/heritagelab.center\/?page_id=45"},"modified":"2024-06-12T12:38:32","modified_gmt":"2024-06-12T12:38:32","slug":"partners","status":"publish","type":"page","link":"https:\/\/heritagelab.center\/index.php\/partners\/","title":{"rendered":"Partners"},"content":{"rendered":"\n<p style=\"margin-top: -7vw;\"> <\/p>\n\n\n\n<div class=\"wp-block-media-text is-stacked-on-mobile is-vertically-aligned-center\" style=\"grid-template-columns:31% auto\"><figure class=\"wp-block-media-text__media\"><a href=\"https:\/\/www.heritage-activities.org\/\"><img loading=\"lazy\" decoding=\"async\" width=\"1024\" height=\"1024\" src=\"https:\/\/heritagelab.center\/wp-content\/uploads\/2022\/11\/CIE-all-versions-full-colourpng-1024x1024.png\" alt=\"\" class=\"wp-image-353 size-full\" srcset=\"https:\/\/heritagelab.center\/wp-content\/uploads\/2022\/11\/CIE-all-versions-full-colourpng-1024x1024.png 1024w, https:\/\/heritagelab.center\/wp-content\/uploads\/2022\/11\/CIE-all-versions-full-colourpng-300x300.png 300w, https:\/\/heritagelab.center\/wp-content\/uploads\/2022\/11\/CIE-all-versions-full-colourpng-150x150.png 150w, https:\/\/heritagelab.center\/wp-content\/uploads\/2022\/11\/CIE-all-versions-full-colourpng-768x768.png 768w, https:\/\/heritagelab.center\/wp-content\/uploads\/2022\/11\/CIE-all-versions-full-colourpng-1536x1536.png 1536w, https:\/\/heritagelab.center\/wp-content\/uploads\/2022\/11\/CIE-all-versions-full-colourpng-2048x2048.png 2048w, https:\/\/heritagelab.center\/wp-content\/uploads\/2022\/11\/CIE-all-versions-full-colourpng-1200x1200.png 1200w, https:\/\/heritagelab.center\/wp-content\/uploads\/2022\/11\/CIE-all-versions-full-colourpng-1980x1980.png 1980w\" sizes=\"auto, (max-width: 1024px) 100vw, 1024px\" \/><\/a><\/figure><div class=\"wp-block-media-text__content\">\n<p class=\"has-text-align-right\"><a href=\"https:\/\/www.heritage-activities.org\/\"><strong>CIE \u2013 Centre for International Heritage Studies<\/strong><\/a><\/p>\n<\/div><\/div>\n\n\n\n<div style=\"height:35px\" aria-hidden=\"true\" class=\"wp-block-spacer\"><\/div>\n\n\n\n<hr class=\"wp-block-separator has-alpha-channel-opacity is-style-wide\"\/>\n\n\n\n<div style=\"height:41px\" aria-hidden=\"true\" class=\"wp-block-spacer\"><\/div>\n\n\n\n<div class=\"wp-block-media-text is-stacked-on-mobile\"><figure class=\"wp-block-media-text__media\"><a href=\"https:\/\/nyuad.nyu.edu\/en\/research\/faculty-labs-and-projects\/dhakira-center-for-heritage-studies-in-the-uae.html\"><img loading=\"lazy\" decoding=\"async\" width=\"1024\" height=\"513\" src=\"https:\/\/heritagelab.center\/wp-content\/uploads\/2023\/04\/Affiliated-institute_logo_Dhakira-e1681393152890-1024x513.png\" alt=\"\" class=\"wp-image-548 size-full\" srcset=\"https:\/\/heritagelab.center\/wp-content\/uploads\/2023\/04\/Affiliated-institute_logo_Dhakira-e1681393152890-1024x513.png 1024w, https:\/\/heritagelab.center\/wp-content\/uploads\/2023\/04\/Affiliated-institute_logo_Dhakira-e1681393152890-300x150.png 300w, https:\/\/heritagelab.center\/wp-content\/uploads\/2023\/04\/Affiliated-institute_logo_Dhakira-e1681393152890-768x384.png 768w, https:\/\/heritagelab.center\/wp-content\/uploads\/2023\/04\/Affiliated-institute_logo_Dhakira-e1681393152890-1536x769.png 1536w, https:\/\/heritagelab.center\/wp-content\/uploads\/2023\/04\/Affiliated-institute_logo_Dhakira-e1681393152890.png 1660w\" sizes=\"auto, (max-width: 1024px) 100vw, 1024px\" \/><\/a><\/figure><div class=\"wp-block-media-text__content\">\n<p class=\"has-text-align-right\"><a href=\"https:\/\/nyuad.nyu.edu\/en\/research\/faculty-labs-and-projects\/dhakira-center-for-heritage-studies-in-the-uae.html\"><strong>Dhakira Center for Heritage Studies<\/strong><\/a><\/p>\n<\/div><\/div>\n\n\n\n<hr class=\"wp-block-separator has-alpha-channel-opacity is-style-wide\"\/>\n\n\n\n<div style=\"height:40px\" aria-hidden=\"true\" class=\"wp-block-spacer\"><\/div>\n\n\n\n<div class=\"wp-block-media-text is-stacked-on-mobile\" style=\"grid-template-columns:52% auto\"><figure class=\"wp-block-media-text__media\"><a href=\"https:\/\/nyuad.nyu.edu\/en\/\"><img loading=\"lazy\" decoding=\"async\" width=\"300\" height=\"78\" src=\"https:\/\/heritagelab.center\/wp-content\/uploads\/2022\/11\/nyuad-logo-300x78-1.png\" alt=\"\" class=\"wp-image-354 size-full\"\/><\/a><\/figure><div class=\"wp-block-media-text__content\">\n<p class=\"has-text-align-left\">         <a href=\"https:\/\/nyuad.nyu.edu\/en\/\"><strong>New York University Abu Dhabi<\/strong><\/a><\/p>\n<\/div><\/div>\n\n\n\n<div style=\"height:41px\" aria-hidden=\"true\" class=\"wp-block-spacer\"><\/div>\n\n\n\n<hr class=\"wp-block-separator has-alpha-channel-opacity is-style-wide\"\/>\n\n\n\n<div class=\"wp-block-media-text is-stacked-on-mobile\" style=\"grid-template-columns:54% auto\"><figure class=\"wp-block-media-text__media\"><a href=\"https:\/\/www.nisantasi.edu.tr\/\"><img loading=\"lazy\" decoding=\"async\" width=\"691\" height=\"361\" src=\"https:\/\/heritagelab.center\/wp-content\/uploads\/2024\/02\/WhatsApp_Image_2024-02-14_at_15.23.38-removebg-preview-1.png\" alt=\"\" class=\"wp-image-1966 size-full\" srcset=\"https:\/\/heritagelab.center\/wp-content\/uploads\/2024\/02\/WhatsApp_Image_2024-02-14_at_15.23.38-removebg-preview-1.png 691w, https:\/\/heritagelab.center\/wp-content\/uploads\/2024\/02\/WhatsApp_Image_2024-02-14_at_15.23.38-removebg-preview-1-300x157.png 300w\" sizes=\"auto, (max-width: 691px) 100vw, 691px\" \/><\/a><\/figure><div class=\"wp-block-media-text__content\">\n<p class=\"has-text-align-left\"><strong> <a href=\"https:\/\/www.nisantasi.edu.tr\/\">Ni\u015fanta\u015f\u0131 University<\/a><\/strong><\/p>\n<\/div><\/div>\n\n\n\n<div style=\"height:50px\" aria-hidden=\"true\" class=\"wp-block-spacer\"><\/div>\n","protected":false},"excerpt":{"rendered":"<p>CIE \u2013 Centre for International Heritage Studies Dhakira Center for Heritage Studies New York University Abu Dhabi Ni\u015fanta\u015f\u0131 University<\/p>\n","protected":false},"author":1,"featured_media":0,"parent":0,"menu_order":0,"comment_status":"closed","ping_status":"closed","template":"","meta":{"footnotes":""},"class_list":["post-45","page","type-page","status-publish","hentry"],"_links":{"self":[{"href":"https:\/\/heritagelab.center\/index.php\/wp-json\/wp\/v2\/pages\/45","targetHints":{"allow":["GET"]}}],"collection":[{"href":"https:\/\/heritagelab.center\/index.php\/wp-json\/wp\/v2\/pages"}],"about":[{"href":"https:\/\/heritagelab.center\/index.php\/wp-json\/wp\/v2\/types\/page"}],"author":[{"embeddable":true,"href":"https:\/\/heritagelab.center\/index.php\/wp-json\/wp\/v2\/users\/1"}],"replies":[{"embeddable":true,"href":"https:\/\/heritagelab.center\/index.php\/wp-json\/wp\/v2\/comments?post=45"}],"version-history":[{"count":55,"href":"https:\/\/heritagelab.center\/index.php\/wp-json\/wp\/v2\/pages\/45\/revisions"}],"predecessor-version":[{"id":2546,"href":"https:\/\/heritagelab.center\/index.php\/wp-json\/wp\/v2\/pages\/45\/revisions\/2546"}],"wp:attachment":[{"href":"https:\/\/heritagelab.center\/index.php\/wp-json\/wp\/v2\/media?parent=45"}],"curies":[{"name":"wp","href":"https:\/\/api.w.org\/{rel}","templated":true}]}}